{"id":397,"date":"2022-05-20T10:37:19","date_gmt":"2022-05-20T09:37:19","guid":{"rendered":"https:\/\/mariawalsh.eu\/toghcheantar\/"},"modified":"2022-11-21T15:38:28","modified_gmt":"2022-11-21T15:38:28","slug":"toghcheantar","status":"publish","type":"page","link":"https:\/\/mariawalsh.eu\/ga\/toghcheantar\/","title":{"rendered":"Toghcheantar"},"content":{"rendered":"\t\t<div data-elementor-type=\"wp-page\" data-elementor-id=\"397\" class=\"elementor elementor-397 elementor-20\" data-elementor-post-type=\"page\">\n\t\t\t\t\t\t<section class=\"elementor-section elementor-top-section elementor-element elementor-element-7251343 elementor-section-height-min-height elementor-section-boxed elementor-section-height-default elementor-section-items-middle\" data-id=\"7251343\" data-element_type=\"section\" data-e-type=\"section\" data-settings=\"{&quot;background_background&quot;:&quot;classic&quot;}\">\n\t\t\t\t\t\t<div class=\"elementor-container elementor-column-gap-default\">\n\t\t\t\t\t<div class=\"elementor-column elementor-col-100 elementor-top-column elementor-element elementor-element-c2749d2\" data-id=\"c2749d2\" data-element_type=\"column\" data-e-type=\"column\">\n\t\t\t<div class=\"elementor-widget-wrap elementor-element-populated\">\n\t\t\t\t\t\t<section class=\"elementor-section elementor-inner-section elementor-element elementor-element-0092896 elementor-section-boxed elementor-section-height-default elementor-section-height-default\" data-id=\"0092896\" data-element_type=\"section\" data-e-type=\"section\">\n\t\t\t\t\t\t<div class=\"elementor-container elementor-column-gap-default\">\n\t\t\t\t\t<div class=\"elementor-column elementor-col-50 elementor-inner-column elementor-element elementor-element-28c693d\" data-id=\"28c693d\" data-element_type=\"column\" data-e-type=\"column\">\n\t\t\t<div class=\"elementor-widget-wrap elementor-element-populated\">\n\t\t\t\t\t\t<div class=\"elementor-element elementor-element-a178a71 elementor-widget elementor-widget-text-editor\" data-id=\"a178a71\" data-element_type=\"widget\" data-e-type=\"widget\" data-widget_type=\"text-editor.default\">\n\t\t\t\t<div class=\"elementor-widget-container\">\n\t\t\t\t\t\t\t\t\t<h1>Toghcheantar<\/h1><\/p>\n\t\t\t\t\t\t\t\t<\/div>\n\t\t\t\t<\/div>\n\t\t\t\t\t<\/div>\n\t\t<\/div>\n\t\t\t\t<div class=\"elementor-column elementor-col-50 elementor-inner-column elementor-element elementor-element-7f9aa7e\" data-id=\"7f9aa7e\" data-element_type=\"column\" data-e-type=\"column\">\n\t\t\t<div class=\"elementor-widget-wrap\">\n\t\t\t\t\t\t\t<\/div>\n\t\t<\/div>\n\t\t\t\t\t<\/div>\n\t\t<\/section>\n\t\t\t\t<section class=\"elementor-section elementor-inner-section elementor-element elementor-element-5d4e610 elementor-section-boxed elementor-section-height-default elementor-section-height-default\" data-id=\"5d4e610\" data-element_type=\"section\" data-e-type=\"section\">\n\t\t\t\t\t\t<div class=\"elementor-container elementor-column-gap-default\">\n\t\t\t\t\t<div class=\"elementor-column elementor-col-50 elementor-inner-column elementor-element elementor-element-99dee77\" data-id=\"99dee77\" data-element_type=\"column\" data-e-type=\"column\">\n\t\t\t<div class=\"elementor-widget-wrap\">\n\t\t\t\t\t\t\t<\/div>\n\t\t<\/div>\n\t\t\t\t<div class=\"elementor-column elementor-col-50 elementor-inner-column elementor-element elementor-element-6ebe015\" data-id=\"6ebe015\" data-element_type=\"column\" data-e-type=\"column\" data-settings=\"{&quot;background_background&quot;:&quot;classic&quot;}\">\n\t\t\t<div class=\"elementor-widget-wrap elementor-element-populated\">\n\t\t\t\t\t\t<div class=\"elementor-element elementor-element-c6782a6 elementor-widget elementor-widget-text-editor\" data-id=\"c6782a6\" data-element_type=\"widget\" data-e-type=\"widget\" data-widget_type=\"text-editor.default\">\n\t\t\t\t<div class=\"elementor-widget-container\">\n\t\t\t\t\t\t\t\t\t<p>Ceist a chur<\/p>\n\t\t\t\t\t\t\t\t<\/div>\n\t\t\t\t<\/div>\n\t\t\t\t\t<\/div>\n\t\t<\/div>\n\t\t\t\t\t<\/div>\n\t\t<\/section>\n\t\t\t\t\t<\/div>\n\t\t<\/div>\n\t\t\t\t\t<\/div>\n\t\t<\/section>\n\t\t\t\t<section class=\"elementor-section elementor-top-section elementor-element elementor-element-7e0b3f9 elementor-section-boxed elementor-section-height-default elementor-section-height-default\" data-id=\"7e0b3f9\" data-element_type=\"section\" data-e-type=\"section\" data-settings=\"{&quot;background_background&quot;:&quot;classic&quot;}\">\n\t\t\t\t\t\t<div class=\"elementor-container elementor-column-gap-default\">\n\t\t\t\t\t<div class=\"elementor-column elementor-col-100 elementor-top-column elementor-element elementor-element-ab67738\" data-id=\"ab67738\" data-element_type=\"column\" data-e-type=\"column\">\n\t\t\t<div class=\"elementor-widget-wrap elementor-element-populated\">\n\t\t\t\t\t\t<div class=\"elementor-element elementor-element-c197a22 elementor-widget elementor-widget-text-editor\" data-id=\"c197a22\" data-element_type=\"widget\" data-e-type=\"widget\" data-widget_type=\"text-editor.default\">\n\t\t\t\t<div class=\"elementor-widget-container\">\n\t\t\t\t\t\t\t\t\t<p>Cuims\u00edonn Toghcheantar L\u00e1r na T\u00edre agus an Iarthuaiscirt na contaetha seo &#8211; Maigh Eo, Gaillimh, Ros Com\u00e1in, Sligeach, Liatroim, An Longfort, D\u00fan na nGall, an Mh\u00ed, an Iarmh\u00ed, L\u00fa, An Cabh\u00e1n agus Muineach\u00e1n. De r\u00e9ir daon\u00e1ireamh 2016, t\u00e1 daonra 1,523,517 sa toghcheantar agus t\u00e1 s\u00e9 ar an imeall is faide siar den Aontas Eorpach!  <\/p>\n<p>T\u00e1 ceantair thuaithe agus uirbeacha sa toghcheantar agus ar na pr\u00edomhcheantair uirbeacha t\u00e1 Gaillimh, Droichead \u00c1tha, D\u00fan Dealgan, An Uaimh, An Droichead Nua, An N\u00e1s, Baile \u00c1tha Luain, An Muileann gCearr, Cill Droichid agus Leitir Ceanainn. T\u00e1 r\u00e9imse oile\u00e1n ann freisin ar n\u00f3s Acaill, Cliara (Co. Mhaigh Eo), Garmna, Inis M\u00f3r, Inis Me\u00e1in, Inis O\u00edrr, Leitir Meall\u00e1in (Co. Na Gaillimhe), An Inis agus \u00c1rainn Mh\u00f3r (Co. Dh\u00fan na nGall).  <\/p>\n\t\t\t\t\t\t\t\t<\/div>\n\t\t\t\t<\/div>\n\t\t\t\t\t<\/div>\n\t\t<\/div>\n\t\t\t\t\t<\/div>\n\t\t<\/section>\n\t\t\t\t<\/div>\n\t\t","protected":false},"excerpt":{"rendered":"<p>Toghcheantar Ceist a chur Cuims\u00edonn Toghcheantar L\u00e1r na T\u00edre agus an Iarthuaiscirt na contaetha seo &#8211; Maigh Eo, Gaillimh, Ros Com\u00e1in, Sligeach, Liatroim, An Longfort, D\u00fan na nGall, an Mh\u00ed, an Iarmh\u00ed, L\u00fa, An Cabh\u00e1n agus Muineach\u00e1n. De r\u00e9ir daon\u00e1ireamh 2016, t\u00e1 daonra 1,523,517 sa toghcheantar agus t\u00e1 s\u00e9 ar an imeall is faide siar [&hellip;]<\/p>\n","protected":false},"author":1,"featured_media":0,"parent":0,"menu_order":0,"comment_status":"closed","ping_status":"closed","template":"elementor_header_footer","meta":{"_monsterinsights_skip_tracking":false,"_monsterinsights_sitenote_active":false,"_monsterinsights_sitenote_note":"","_monsterinsights_sitenote_category":0,"footnotes":""},"class_list":["post-397","page","type-page","status-publish","hentry"],"yoast_head":"<!-- This site is optimized with the Yoast SEO plugin v27.5 - https:\/\/yoast.com\/product\/yoast-seo-wordpress\/ -->\n<title>Toghcheantar | Maria Walsh<\/title>\n<meta name=\"robots\" content=\"index, follow, max-snippet:-1, max-image-preview:large, max-video-preview:-1\" \/>\n<link rel=\"canonical\" href=\"https:\/\/mariawalsh.eu\/ga\/toghcheantar\/\" \/>\n<meta property=\"og:locale\" content=\"ga_IE\" \/>\n<meta property=\"og:type\" content=\"article\" \/>\n<meta property=\"og:title\" content=\"Toghcheantar | Maria Walsh\" \/>\n<meta property=\"og:description\" content=\"Toghcheantar Ceist a chur Cuims\u00edonn Toghcheantar L\u00e1r na T\u00edre agus an Iarthuaiscirt na contaetha seo &#8211; Maigh Eo, Gaillimh, Ros Com\u00e1in, Sligeach, Liatroim, An Longfort, D\u00fan na nGall, an Mh\u00ed, an Iarmh\u00ed, L\u00fa, An Cabh\u00e1n agus Muineach\u00e1n. De r\u00e9ir daon\u00e1ireamh 2016, t\u00e1 daonra 1,523,517 sa toghcheantar agus t\u00e1 s\u00e9 ar an imeall is faide siar [&hellip;]\" \/>\n<meta property=\"og:url\" content=\"https:\/\/mariawalsh.eu\/ga\/toghcheantar\/\" \/>\n<meta property=\"og:site_name\" content=\"Maria Walsh\" \/>\n<meta property=\"article:publisher\" content=\"https:\/\/www.facebook.com\/MariaWalshEU\/\" \/>\n<meta property=\"article:modified_time\" content=\"2022-11-21T15:38:28+00:00\" \/>\n<meta name=\"twitter:card\" content=\"summary_large_image\" \/>\n<meta name=\"twitter:site\" content=\"@MariaWalshEU\" \/>\n<meta name=\"twitter:label1\" content=\"Est. reading time\" \/>\n\t<meta name=\"twitter:data1\" content=\"1 minute\" \/>\n<script type=\"application\/ld+json\" class=\"yoast-schema-graph\">{\"@context\":\"https:\\\/\\\/schema.org\",\"@graph\":[{\"@type\":\"WebPage\",\"@id\":\"https:\\\/\\\/mariawalsh.eu\\\/ga\\\/toghcheantar\\\/\",\"url\":\"https:\\\/\\\/mariawalsh.eu\\\/ga\\\/toghcheantar\\\/\",\"name\":\"Toghcheantar | Maria Walsh\",\"isPartOf\":{\"@id\":\"https:\\\/\\\/mariawalsh.eu\\\/ga\\\/#website\"},\"datePublished\":\"2022-05-20T09:37:19+00:00\",\"dateModified\":\"2022-11-21T15:38:28+00:00\",\"breadcrumb\":{\"@id\":\"https:\\\/\\\/mariawalsh.eu\\\/ga\\\/toghcheantar\\\/#breadcrumb\"},\"inLanguage\":\"ga-IE\",\"potentialAction\":[{\"@type\":\"ReadAction\",\"target\":[\"https:\\\/\\\/mariawalsh.eu\\\/ga\\\/toghcheantar\\\/\"]}]},{\"@type\":\"BreadcrumbList\",\"@id\":\"https:\\\/\\\/mariawalsh.eu\\\/ga\\\/toghcheantar\\\/#breadcrumb\",\"itemListElement\":[{\"@type\":\"ListItem\",\"position\":1,\"name\":\"Home\",\"item\":\"https:\\\/\\\/mariawalsh.eu\\\/ga\\\/\"},{\"@type\":\"ListItem\",\"position\":2,\"name\":\"Toghcheantar\"}]},{\"@type\":\"WebSite\",\"@id\":\"https:\\\/\\\/mariawalsh.eu\\\/ga\\\/#website\",\"url\":\"https:\\\/\\\/mariawalsh.eu\\\/ga\\\/\",\"name\":\"Maria Walsh MEP\",\"description\":\"\",\"publisher\":{\"@id\":\"https:\\\/\\\/mariawalsh.eu\\\/ga\\\/#organization\"},\"potentialAction\":[{\"@type\":\"SearchAction\",\"target\":{\"@type\":\"EntryPoint\",\"urlTemplate\":\"https:\\\/\\\/mariawalsh.eu\\\/ga\\\/?s={search_term_string}\"},\"query-input\":{\"@type\":\"PropertyValueSpecification\",\"valueRequired\":true,\"valueName\":\"search_term_string\"}}],\"inLanguage\":\"ga-IE\"},{\"@type\":\"Organization\",\"@id\":\"https:\\\/\\\/mariawalsh.eu\\\/ga\\\/#organization\",\"name\":\"Maria Walsh MEP\",\"url\":\"https:\\\/\\\/mariawalsh.eu\\\/ga\\\/\",\"logo\":{\"@type\":\"ImageObject\",\"inLanguage\":\"ga-IE\",\"@id\":\"https:\\\/\\\/mariawalsh.eu\\\/ga\\\/#\\\/schema\\\/logo\\\/image\\\/\",\"url\":\"https:\\\/\\\/mariawalsh.eu\\\/wp-content\\\/uploads\\\/2022\\\/10\\\/maria-walsh-logo.png\",\"contentUrl\":\"https:\\\/\\\/mariawalsh.eu\\\/wp-content\\\/uploads\\\/2022\\\/10\\\/maria-walsh-logo.png\",\"width\":185,\"height\":116,\"caption\":\"Maria Walsh MEP\"},\"image\":{\"@id\":\"https:\\\/\\\/mariawalsh.eu\\\/ga\\\/#\\\/schema\\\/logo\\\/image\\\/\"},\"sameAs\":[\"https:\\\/\\\/www.facebook.com\\\/MariaWalshEU\\\/\",\"https:\\\/\\\/x.com\\\/MariaWalshEU\",\"https:\\\/\\\/www.instagram.com\\\/mariawalsheu\\\/?hl=en\",\"https:\\\/\\\/ie.linkedin.com\\\/in\\\/mariawalsheu\",\"https:\\\/\\\/www.youtube.com\\\/@mariawalsh23\"]}]}<\/script>\n<!-- \/ Yoast SEO plugin. -->","yoast_head_json":{"title":"Toghcheantar | Maria Walsh","robots":{"index":"index","follow":"follow","max-snippet":"max-snippet:-1","max-image-preview":"max-image-preview:large","max-video-preview":"max-video-preview:-1"},"canonical":"https:\/\/mariawalsh.eu\/ga\/toghcheantar\/","og_locale":"ga_IE","og_type":"article","og_title":"Toghcheantar | Maria Walsh","og_description":"Toghcheantar Ceist a chur Cuims\u00edonn Toghcheantar L\u00e1r na T\u00edre agus an Iarthuaiscirt na contaetha seo &#8211; Maigh Eo, Gaillimh, Ros Com\u00e1in, Sligeach, Liatroim, An Longfort, D\u00fan na nGall, an Mh\u00ed, an Iarmh\u00ed, L\u00fa, An Cabh\u00e1n agus Muineach\u00e1n. De r\u00e9ir daon\u00e1ireamh 2016, t\u00e1 daonra 1,523,517 sa toghcheantar agus t\u00e1 s\u00e9 ar an imeall is faide siar [&hellip;]","og_url":"https:\/\/mariawalsh.eu\/ga\/toghcheantar\/","og_site_name":"Maria Walsh","article_publisher":"https:\/\/www.facebook.com\/MariaWalshEU\/","article_modified_time":"2022-11-21T15:38:28+00:00","twitter_card":"summary_large_image","twitter_site":"@MariaWalshEU","twitter_misc":{"Est. reading time":"1 minute"},"schema":{"@context":"https:\/\/schema.org","@graph":[{"@type":"WebPage","@id":"https:\/\/mariawalsh.eu\/ga\/toghcheantar\/","url":"https:\/\/mariawalsh.eu\/ga\/toghcheantar\/","name":"Toghcheantar | Maria Walsh","isPartOf":{"@id":"https:\/\/mariawalsh.eu\/ga\/#website"},"datePublished":"2022-05-20T09:37:19+00:00","dateModified":"2022-11-21T15:38:28+00:00","breadcrumb":{"@id":"https:\/\/mariawalsh.eu\/ga\/toghcheantar\/#breadcrumb"},"inLanguage":"ga-IE","potentialAction":[{"@type":"ReadAction","target":["https:\/\/mariawalsh.eu\/ga\/toghcheantar\/"]}]},{"@type":"BreadcrumbList","@id":"https:\/\/mariawalsh.eu\/ga\/toghcheantar\/#breadcrumb","itemListElement":[{"@type":"ListItem","position":1,"name":"Home","item":"https:\/\/mariawalsh.eu\/ga\/"},{"@type":"ListItem","position":2,"name":"Toghcheantar"}]},{"@type":"WebSite","@id":"https:\/\/mariawalsh.eu\/ga\/#website","url":"https:\/\/mariawalsh.eu\/ga\/","name":"Maria Walsh MEP","description":"","publisher":{"@id":"https:\/\/mariawalsh.eu\/ga\/#organization"},"potentialAction":[{"@type":"SearchAction","target":{"@type":"EntryPoint","urlTemplate":"https:\/\/mariawalsh.eu\/ga\/?s={search_term_string}"},"query-input":{"@type":"PropertyValueSpecification","valueRequired":true,"valueName":"search_term_string"}}],"inLanguage":"ga-IE"},{"@type":"Organization","@id":"https:\/\/mariawalsh.eu\/ga\/#organization","name":"Maria Walsh MEP","url":"https:\/\/mariawalsh.eu\/ga\/","logo":{"@type":"ImageObject","inLanguage":"ga-IE","@id":"https:\/\/mariawalsh.eu\/ga\/#\/schema\/logo\/image\/","url":"https:\/\/mariawalsh.eu\/wp-content\/uploads\/2022\/10\/maria-walsh-logo.png","contentUrl":"https:\/\/mariawalsh.eu\/wp-content\/uploads\/2022\/10\/maria-walsh-logo.png","width":185,"height":116,"caption":"Maria Walsh MEP"},"image":{"@id":"https:\/\/mariawalsh.eu\/ga\/#\/schema\/logo\/image\/"},"sameAs":["https:\/\/www.facebook.com\/MariaWalshEU\/","https:\/\/x.com\/MariaWalshEU","https:\/\/www.instagram.com\/mariawalsheu\/?hl=en","https:\/\/ie.linkedin.com\/in\/mariawalsheu","https:\/\/www.youtube.com\/@mariawalsh23"]}]}},"_links":{"self":[{"href":"https:\/\/mariawalsh.eu\/ga\/wp-json\/wp\/v2\/pages\/397","targetHints":{"allow":["GET"]}}],"collection":[{"href":"https:\/\/mariawalsh.eu\/ga\/wp-json\/wp\/v2\/pages"}],"about":[{"href":"https:\/\/mariawalsh.eu\/ga\/wp-json\/wp\/v2\/types\/page"}],"author":[{"embeddable":true,"href":"https:\/\/mariawalsh.eu\/ga\/wp-json\/wp\/v2\/users\/1"}],"replies":[{"embeddable":true,"href":"https:\/\/mariawalsh.eu\/ga\/wp-json\/wp\/v2\/comments?post=397"}],"version-history":[{"count":0,"href":"https:\/\/mariawalsh.eu\/ga\/wp-json\/wp\/v2\/pages\/397\/revisions"}],"wp:attachment":[{"href":"https:\/\/mariawalsh.eu\/ga\/wp-json\/wp\/v2\/media?parent=397"}],"curies":[{"name":"wp","href":"https:\/\/api.w.org\/{rel}","templated":true}]}}